{"id":124,"date":"2025-08-21T08:15:45","date_gmt":"2025-08-21T08:15:45","guid":{"rendered":"https:\/\/enersoltech.com.mx\/?page_id=124"},"modified":"2025-09-02T18:21:05","modified_gmt":"2025-09-02T18:21:05","slug":"blog","status":"publish","type":"page","link":"https:\/\/enersoltech.com.mx\/?page_id=124","title":{"rendered":"Nosotros"},"content":{"rendered":"<p>[et_pb_section fb_built=\u00bb1&#8243; admin_label=\u00bbHeader\u00bb _builder_version=\u00bb4.27.4&#8243; _module_preset=\u00bbdefault\u00bb background_image=\u00bbhttps:\/\/enersoltech.com.mx\/wp-content\/uploads\/2025\/08\/renewable-1989416_1280.jpg\u00bb parallax=\u00bbon\u00bb parallax_method=\u00bboff\u00bb custom_padding=\u00bb83px|||||\u00bb bottom_divider_style=\u00bbramp2&#8243; bottom_divider_color=\u00bb#000000&#8243; bottom_divider_height=\u00bb249px\u00bb hover_enabled=\u00bb0&#8243; collapsed=\u00bbon\u00bb global_colors_info=\u00bb{}\u00bb background_enable_color=\u00bboff\u00bb background_enable_mask_style=\u00bbon\u00bb background_mask_color=\u00bb#000000&#8243; background_mask_style=\u00bbhoneycomb\u00bb sticky_enabled=\u00bb0&#8243;][et_pb_row _builder_version=\u00bb4.24.0&#8243; _module_preset=\u00bbdefault\u00bb max_width=\u00bb1800px\u00bb custom_padding=\u00bb1px|||||\u00bb global_colors_info=\u00bb{}\u00bb][et_pb_column type=\u00bb4_4&#8243; _builder_version=\u00bb4.22.0&#8243; _module_preset=\u00bbdefault\u00bb global_colors_info=\u00bb{}\u00bb][et_pb_text _builder_version=\u00bb4.27.4&#8243; _module_preset=\u00bb5b59ce00-15a6-4a4b-9915-a078df0df036&#8243; text_font_size=\u00bb13px\u00bb header_text_color=\u00bb#FFFFFF\u00bb header_font_size=\u00bb82px\u00bb text_orientation=\u00bbcenter\u00bb custom_margin=\u00bb||-10px|||\u00bb global_colors_info=\u00bb{}\u00bb]<\/p>\n<h1>Energ\u00eda que nos mueve: Energ\u00eda Limpia<\/h1>\n<p>[\/et_pb_text][\/et_pb_column][\/et_pb_row][et_pb_row column_structure=\u00bb1_2,1_2&#8243; _builder_version=\u00bb4.22.0&#8243; _module_preset=\u00bbdefault\u00bb max_width=\u00bb1800px\u00bb custom_padding=\u00bb0px|||||\u00bb global_colors_info=\u00bb{}\u00bb][et_pb_column type=\u00bb1_2&#8243; _builder_version=\u00bb4.22.0&#8243; _module_preset=\u00bbdefault\u00bb global_colors_info=\u00bb{}\u00bb][et_pb_image src=\u00bbhttps:\/\/enersoltech.com.mx\/wp-content\/uploads\/2025\/08\/ChatGPT-Image-3-ago-2025-09_03_51-a.m.png\u00bb title_text=\u00bbChatGPT Image 3 ago 2025, 09_03_51 a.m.\u00bb _builder_version=\u00bb4.27.4&#8243; _module_preset=\u00bbdefault\u00bb custom_padding=\u00bb21px||12px|||\u00bb border_radii=\u00bbon|30px|30px|30px|30px\u00bb global_colors_info=\u00bb{}\u00bb][\/et_pb_image][\/et_pb_column][et_pb_column type=\u00bb1_2&#8243; _builder_version=\u00bb4.22.0&#8243; _module_preset=\u00bbdefault\u00bb global_colors_info=\u00bb{}\u00bb][et_pb_text _builder_version=\u00bb4.27.4&#8243; _module_preset=\u00bb7680e860-6450-44ef-a65b-ba1ac02a322e\u00bb text_text_color=\u00bb#FFFFFF\u00bb global_colors_info=\u00bb{}\u00bb]<\/p>\n<p style=\"text-align: justify;\"><span style=\"color: #ffffff;\">Somos apasionados de la energ\u00edas limpias y renovables, creemos y trabajamos por un mejor futuro para ti, para tu familia y para todos. Hoy contribuimos contigo a cuidar nuestro hogar y reducir el impacto ambiental\u00a0 que generamos cada d\u00eda con nuestras actividades cotidianas.<\/span><\/p>\n<p style=\"text-align: justify;\">Aqu\u00ed encontrar\u00e1s informaci\u00f3n que despejar\u00e1 tus dudas sobre nuestros productos y servicios en beneficio de todos<span style=\"color: #ffffff;\"><\/span><\/p>\n<p style=\"text-align: justify;\"><span style=\"color: #ffffff;\"><\/span><\/p>\n<p>[\/et_pb_text][et_pb_image src=\u00bbhttps:\/\/enersoltech.com.mx\/wp-content\/uploads\/2025\/08\/pexels-kelly-4320475-scaled.jpg\u00bb title_text=\u00bbpexels-kelly-4320475&#8243; _builder_version=\u00bb4.27.4&#8243; _module_preset=\u00bbdefault\u00bb border_radii=\u00bbon|20px|20px|20px|20px\u00bb global_colors_info=\u00bb{}\u00bb][\/et_pb_image][\/et_pb_column][\/et_pb_row][\/et_pb_section][et_pb_section fb_built=\u00bb1&#8243; admin_label=\u00bbVideo\u00bb _builder_version=\u00bb4.27.4&#8243; _module_preset=\u00bbdefault\u00bb background_enable_pattern_style=\u00bbon\u00bb background_pattern_style=\u00bbwaves\u00bb background_pattern_color=\u00bb#dcfcdb\u00bb custom_padding=\u00bb13px|||||\u00bb top_divider_style=\u00bbwave2&#8243; top_divider_color=\u00bb#000000&#8243; top_divider_height=\u00bb49px\u00bb top_divider_flip=\u00bbhorizontal\u00bb bottom_divider_style=\u00bbwave2&#8243; bottom_divider_color=\u00bb#4cc600&#8243; bottom_divider_height=\u00bb85px\u00bb collapsed=\u00bbon\u00bb global_colors_info=\u00bb{}\u00bb][et_pb_row column_structure=\u00bb2_3,1_3&#8243; _builder_version=\u00bb4.22.0&#8243; _module_preset=\u00bbdefault\u00bb max_width=\u00bb1800px\u00bb locked=\u00bboff\u00bb global_colors_info=\u00bb{}\u00bb][et_pb_column type=\u00bb2_3&#8243; _builder_version=\u00bb4.22.0&#8243; _module_preset=\u00bbdefault\u00bb global_colors_info=\u00bb{}\u00bb][et_pb_image src=\u00bbhttps:\/\/enersoltech.com.mx\/wp-content\/uploads\/2025\/08\/ChatGPT-Image-4-ago-2025-12_57_56-p.m.png\u00bb title_text=\u00bbChatGPT Image 4 ago 2025, 12_57_56 p.m.\u00bb _builder_version=\u00bb4.27.4&#8243; _module_preset=\u00bbdefault\u00bb global_colors_info=\u00bb{}\u00bb][\/et_pb_image][\/et_pb_column][et_pb_column type=\u00bb1_3&#8243; _builder_version=\u00bb4.22.0&#8243; _module_preset=\u00bbdefault\u00bb global_colors_info=\u00bb{}\u00bb][et_pb_text _builder_version=\u00bb4.22.0&#8243; _module_preset=\u00bb7680e860-6450-44ef-a65b-ba1ac02a322e\u00bb global_colors_info=\u00bb{}\u00bb]<\/p>\n<p><strong>\u00bfD\u00f3nde van los paneles?<\/strong><\/p>\n<p>Los m\u00f3dulos pueden colocarse:<\/p>\n<ul>\n<li>En techos inclinados o planos<\/li>\n<li>Sobre estructuras met\u00e1licas<\/li>\n<li>En estacionamientos solares o p\u00e9rgolas<\/li>\n<\/ul>\n<p>[\/et_pb_text][et_pb_image src=\u00bbhttps:\/\/enersoltech.com.mx\/wp-content\/uploads\/2025\/08\/solar-8244680_1280.jpg\u00bb title_text=\u00bbsolar-8244680_1280&#8243; _builder_version=\u00bb4.27.4&#8243; _module_preset=\u00bbdefault\u00bb border_radii=\u00bbon|20px|20px|20px|20px\u00bb global_colors_info=\u00bb{}\u00bb][\/et_pb_image][et_pb_text _builder_version=\u00bb4.22.0&#8243; _module_preset=\u00bb7680e860-6450-44ef-a65b-ba1ac02a322e\u00bb global_colors_info=\u00bb{}\u00bb]<\/p>\n<p><strong>\u00bfCu\u00e1nta energ\u00eda pueden generar?<\/strong><\/p>\n<p>Esto depende de:<\/p>\n<ul>\n<li>La <strong>irradiancia solar<\/strong> del sitio (radiaci\u00f3n disponible)<\/li>\n<li>El <strong>n\u00famero y tipo de paneles<\/strong><\/li>\n<li>La <strong>eficiencia del sistema<\/strong><\/li>\n<li>Las <strong>p\u00e9rdidas el\u00e9ctricas<\/strong> (cables, inversores, polvo, etc.)<\/li>\n<\/ul>\n<p>Por ejemplo, un sistema de 5 kW puede generar <strong>hasta 600 kWh al mes<\/strong>, dependiendo de las condiciones del lugar.<\/p>\n<p>[\/et_pb_text][et_pb_text _builder_version=\u00bb4.22.0&#8243; _module_preset=\u00bb7680e860-6450-44ef-a65b-ba1ac02a322e\u00bb global_colors_info=\u00bb{}\u00bb]<\/p>\n<p>Los sistemas fotovoltaicos no solo son una tecnolog\u00eda limpia y renovable: <strong>tambi\u00e9n son una inversi\u00f3n inteligente<\/strong>. Con el dise\u00f1o t\u00e9cnico adecuado, puedes generar gran parte de la energ\u00eda que consumes y reducir tu recibo el\u00e9ctrico significativamente.<\/p>\n<p>[\/et_pb_text][\/et_pb_column][\/et_pb_row][\/et_pb_section][et_pb_section fb_built=\u00bb1&#8243; admin_label=\u00bbMission\u00bb _builder_version=\u00bb4.27.4&#8243; _module_preset=\u00bbdefault\u00bb background_color=\u00bbRGBA(255,255,255,0)\u00bb use_background_color_gradient=\u00bbon\u00bb background_color_gradient_stops=\u00bb#4cc600 0%|#07adef 100%\u00bb background_image=\u00bbhttps:\/\/enersoltech.com.mx\/wp-content\/uploads\/2025\/08\/transparencia-hoja-bca.png\u00bb custom_padding=\u00bb14px|||||\u00bb top_divider_height=\u00bb85px\u00bb top_divider_flip=\u00bbhorizontal\u00bb bottom_divider_style=\u00bbwaves2&#8243; bottom_divider_color=\u00bb#4cc600&#8243; collapsed=\u00bbon\u00bb global_colors_info=\u00bb{}\u00bb][et_pb_row _builder_version=\u00bb4.27.4&#8243; _module_preset=\u00bbdefault\u00bb custom_padding=\u00bb||0px|||\u00bb global_colors_info=\u00bb{}\u00bb][et_pb_column type=\u00bb4_4&#8243; _builder_version=\u00bb4.27.4&#8243; _module_preset=\u00bbdefault\u00bb global_colors_info=\u00bb{}\u00bb][et_pb_text _builder_version=\u00bb4.27.4&#8243; _module_preset=\u00bb12c7db51-0236-4c96-957d-824cecd00846&#8243; text_text_color=\u00bb#FFFFFF\u00bb header_text_color=\u00bb#FFFFFF\u00bb custom_margin=\u00bb||10px||false|false\u00bb global_colors_info=\u00bb{}\u00bb]<\/p>\n<h2 style=\"text-align: center;\"><span style=\"color: #ffffff;\">NUESTROS VALORES<\/span><\/h2>\n<p>[\/et_pb_text][\/et_pb_column][\/et_pb_row][et_pb_row column_structure=\u00bb1_3,1_3,1_3&#8243; _builder_version=\u00bb4.27.4&#8243; _module_preset=\u00bbdefault\u00bb custom_padding=\u00bb20px|||||\u00bb global_colors_info=\u00bb{}\u00bb][et_pb_column type=\u00bb1_3&#8243; _builder_version=\u00bb4.27.4&#8243; _module_preset=\u00bbdefault\u00bb global_colors_info=\u00bb{}\u00bb][et_pb_text _builder_version=\u00bb4.27.4&#8243; _module_preset=\u00bb12c7db51-0236-4c96-957d-824cecd00846&#8243; text_text_color=\u00bb#FFFFFF\u00bb header_text_color=\u00bb#FFFFFF\u00bb custom_margin=\u00bb||10px||false|false\u00bb global_colors_info=\u00bb{}\u00bb]<\/p>\n<h2 style=\"text-align: center;\"><span style=\"color: #ffffff;\">Misi\u00f3n<\/span><\/h2>\n<p>[\/et_pb_text][et_pb_text _builder_version=\u00bb4.27.4&#8243; _module_preset=\u00bb7680e860-6450-44ef-a65b-ba1ac02a322e\u00bb text_text_color=\u00bb#FFFFFF\u00bb header_text_color=\u00bb#FFFFFF\u00bb text_orientation=\u00bbjustified\u00bb custom_margin=\u00bb|||-21px||\u00bb global_colors_info=\u00bb{}\u00bb]<\/p>\n<p>Brindar soluciones energ\u00e9ticas limpias, eficientes y accesibles que permitan a hogares y empresas reducir su consumo el\u00e9ctrico, su huella de carbono y sus costos, mediante an\u00e1lisis t\u00e9cnicos confiables y sistemas fotovoltaicos bien dimensionados<span>.\u00a0<\/span><\/p>\n<p>[\/et_pb_text][\/et_pb_column][et_pb_column type=\u00bb1_3&#8243; _builder_version=\u00bb4.27.4&#8243; _module_preset=\u00bbdefault\u00bb global_colors_info=\u00bb{}\u00bb][et_pb_text _builder_version=\u00bb4.27.4&#8243; _module_preset=\u00bb12c7db51-0236-4c96-957d-824cecd00846&#8243; text_text_color=\u00bb#FFFFFF\u00bb header_text_color=\u00bb#FFFFFF\u00bb custom_margin=\u00bb||10px||false|false\u00bb global_colors_info=\u00bb{}\u00bb]<\/p>\n<h2 style=\"text-align: center;\"><span style=\"color: #ffffff;\">Visi\u00f3n<\/span><\/h2>\n<p>[\/et_pb_text][et_pb_text _builder_version=\u00bb4.27.4&#8243; _module_preset=\u00bb7680e860-6450-44ef-a65b-ba1ac02a322e\u00bb text_text_color=\u00bb#FFFFFF\u00bb header_text_color=\u00bb#FFFFFF\u00bb text_orientation=\u00bbjustified\u00bb global_colors_info=\u00bb{}\u00bb]<\/p>\n<p>Convertirnos en una empresa de referencia en M\u00e9xico en el dise\u00f1o t\u00e9cnico de soluciones fotovoltaicas y eficiencia energ\u00e9tica, contribuyendo activamente a la transici\u00f3n hacia un modelo energ\u00e9tico amigable con el ambiente, que genere beneficios sociales, econ\u00f3micos y ambientales.<\/p>\n<p>[\/et_pb_text][\/et_pb_column][et_pb_column type=\u00bb1_3&#8243; _builder_version=\u00bb4.27.4&#8243; _module_preset=\u00bbdefault\u00bb global_colors_info=\u00bb{}\u00bb][et_pb_text _builder_version=\u00bb4.27.4&#8243; _module_preset=\u00bb12c7db51-0236-4c96-957d-824cecd00846&#8243; text_text_color=\u00bb#FFFFFF\u00bb header_text_color=\u00bb#FFFFFF\u00bb custom_margin=\u00bb||10px||false|false\u00bb global_colors_info=\u00bb{}\u00bb]<\/p>\n<h2 style=\"text-align: center;\"><span style=\"color: #ffffff;\">Seguridad<\/span><\/h2>\n<p>[\/et_pb_text][et_pb_text _builder_version=\u00bb4.27.4&#8243; _module_preset=\u00bb7680e860-6450-44ef-a65b-ba1ac02a322e\u00bb text_text_color=\u00bb#FFFFFF\u00bb header_text_color=\u00bb#FFFFFF\u00bb text_orientation=\u00bbjustified\u00bb custom_margin=\u00bb|||-21px||\u00bb global_colors_info=\u00bb{}\u00bb]<\/p>\n<p>Estamos comprometidos con la seguridad de las personas, instalaciones y equipos en cada soluci\u00f3n que proponemos, cumpliendo con normativas y buenas pr\u00e1cticas del sector energ\u00e9tico.<\/p>\n<p>[\/et_pb_text][\/et_pb_column][\/et_pb_row][et_pb_row column_structure=\u00bb1_2,1_2&#8243; _builder_version=\u00bb4.27.4&#8243; _module_preset=\u00bbdefault\u00bb custom_padding=\u00bb11px|||||\u00bb global_colors_info=\u00bb{}\u00bb][et_pb_column type=\u00bb1_2&#8243; _builder_version=\u00bb4.27.4&#8243; _module_preset=\u00bbdefault\u00bb global_colors_info=\u00bb{}\u00bb][et_pb_text _builder_version=\u00bb4.27.4&#8243; _module_preset=\u00bb12c7db51-0236-4c96-957d-824cecd00846&#8243; text_text_color=\u00bb#FFFFFF\u00bb header_text_color=\u00bb#FFFFFF\u00bb custom_margin=\u00bb||10px||false|false\u00bb global_colors_info=\u00bb{}\u00bb]<\/p>\n<h2 style=\"text-align: center;\"><span style=\"color: #ffffff;\">Calidad T\u00e9cnica en cada Proyecto<\/span><\/h2>\n<p>[\/et_pb_text][et_pb_text _builder_version=\u00bb4.27.4&#8243; _module_preset=\u00bb7680e860-6450-44ef-a65b-ba1ac02a322e\u00bb text_text_color=\u00bb#FFFFFF\u00bb header_text_color=\u00bb#FFFFFF\u00bb text_orientation=\u00bbjustified\u00bb custom_padding=\u00bb0px|||||\u00bb global_colors_info=\u00bb{}\u00bb]<\/p>\n<p>Ofrecemos servicios basados en an\u00e1lisis profesionales, c\u00e1lculos precisos y dise\u00f1o t\u00e9cnico confiable, que aseguran el buen desempe\u00f1o de cada sistema.<\/p>\n<p>[\/et_pb_text][\/et_pb_column][et_pb_column type=\u00bb1_2&#8243; _builder_version=\u00bb4.27.4&#8243; _module_preset=\u00bbdefault\u00bb global_colors_info=\u00bb{}\u00bb][et_pb_text _builder_version=\u00bb4.27.4&#8243; _module_preset=\u00bb12c7db51-0236-4c96-957d-824cecd00846&#8243; text_text_color=\u00bb#FFFFFF\u00bb header_text_color=\u00bb#FFFFFF\u00bb custom_margin=\u00bb||10px||false|false\u00bb global_colors_info=\u00bb{}\u00bb]<\/p>\n<h2 style=\"text-align: center;\"><span style=\"color: #ffffff;\">Responsabilidad Energ\u00e9tica<\/span><\/h2>\n<p>[\/et_pb_text][et_pb_text _builder_version=\u00bb4.27.4&#8243; _module_preset=\u00bb7680e860-6450-44ef-a65b-ba1ac02a322e\u00bb text_text_color=\u00bb#FFFFFF\u00bb header_text_color=\u00bb#FFFFFF\u00bb text_orientation=\u00bbjustified\u00bb custom_margin=\u00bb|||-21px||\u00bb global_colors_info=\u00bb{}\u00bb]<\/p>\n<p>Antes de instalar, analizamos. Promovemos la eficiencia desde el origen: primero reducir, despu\u00e9s generar. Porque la mejor energ\u00eda es la que no se desperdicia.<\/p>\n<p>[\/et_pb_text][\/et_pb_column][\/et_pb_row][et_pb_row column_structure=\u00bb1_2,1_2&#8243; _builder_version=\u00bb4.27.4&#8243; _module_preset=\u00bbdefault\u00bb custom_padding=\u00bb17px|||||\u00bb global_colors_info=\u00bb{}\u00bb][et_pb_column type=\u00bb1_2&#8243; _builder_version=\u00bb4.27.4&#8243; _module_preset=\u00bbdefault\u00bb global_colors_info=\u00bb{}\u00bb][et_pb_text _builder_version=\u00bb4.27.4&#8243; _module_preset=\u00bb12c7db51-0236-4c96-957d-824cecd00846&#8243; text_text_color=\u00bb#FFFFFF\u00bb header_text_color=\u00bb#FFFFFF\u00bb custom_margin=\u00bb||10px||false|false\u00bb global_colors_info=\u00bb{}\u00bb]<\/p>\n<h2 style=\"text-align: center;\"><span style=\"color: #ffffff;\">Soluciones \u00f3ptimas y funcionales<\/span><\/h2>\n<p>[\/et_pb_text][et_pb_text _builder_version=\u00bb4.27.4&#8243; _module_preset=\u00bb7680e860-6450-44ef-a65b-ba1ac02a322e\u00bb text_text_color=\u00bb#FFFFFF\u00bb header_text_color=\u00bb#FFFFFF\u00bb text_orientation=\u00bbjustified\u00bb global_colors_info=\u00bb{}\u00bb]<\/p>\n<p>Dise\u00f1amos proyectos pensados para durar, adaptados a cada cliente, funcionales y con sentido econ\u00f3mico, sin sobredimensionamientos ni promesas irreales.<\/p>\n<p>[\/et_pb_text][\/et_pb_column][et_pb_column type=\u00bb1_2&#8243; _builder_version=\u00bb4.27.4&#8243; _module_preset=\u00bbdefault\u00bb global_colors_info=\u00bb{}\u00bb][et_pb_text _builder_version=\u00bb4.27.4&#8243; _module_preset=\u00bb12c7db51-0236-4c96-957d-824cecd00846&#8243; text_text_color=\u00bb#FFFFFF\u00bb header_text_color=\u00bb#FFFFFF\u00bb custom_margin=\u00bb||10px||false|false\u00bb global_colors_info=\u00bb{}\u00bb]<\/p>\n<h2 style=\"text-align: center;\"><span style=\"color: #ffffff;\">Transparencia y confianza<\/span><\/h2>\n<p>[\/et_pb_text][et_pb_text _builder_version=\u00bb4.27.4&#8243; _module_preset=\u00bb7680e860-6450-44ef-a65b-ba1ac02a322e\u00bb text_text_color=\u00bb#FFFFFF\u00bb header_text_color=\u00bb#FFFFFF\u00bb text_orientation=\u00bbjustified\u00bb global_colors_info=\u00bb{}\u00bb]<\/p>\n<p>Actuamos con honestidad y claridad en cada etapa del proceso. Nuestro objetivo no es solo vender un sistema, sino construir relaciones duraderas basadas en resultados reales.<\/p>\n<p>[\/et_pb_text][\/et_pb_column][\/et_pb_row][\/et_pb_section]<\/p>\n","protected":false},"excerpt":{"rendered":"<p>Energ\u00eda que nos mueve: Energ\u00eda LimpiaSomos apasionados de la energ\u00edas limpias y renovables, creemos y trabajamos por un mejor futuro para ti, para tu familia y para todos. Hoy contribuimos contigo a cuidar nuestro hogar y reducir el impacto ambiental\u00a0 que generamos cada d\u00eda con nuestras actividades cotidianas. Aqu\u00ed encontrar\u00e1s informaci\u00f3n que despejar\u00e1 tus dudas [&hellip;]<\/p>\n","protected":false},"author":1,"featured_media":0,"parent":0,"menu_order":0,"comment_status":"closed","ping_status":"closed","template":"","meta":{"_et_pb_use_builder":"on","_et_pb_old_content":"","_et_gb_content_width":"","footnotes":""},"class_list":["post-124","page","type-page","status-publish","hentry"],"aioseo_notices":[],"_links":{"self":[{"href":"https:\/\/enersoltech.com.mx\/index.php?rest_route=\/wp\/v2\/pages\/124","targetHints":{"allow":["GET"]}}],"collection":[{"href":"https:\/\/enersoltech.com.mx\/index.php?rest_route=\/wp\/v2\/pages"}],"about":[{"href":"https:\/\/enersoltech.com.mx\/index.php?rest_route=\/wp\/v2\/types\/page"}],"author":[{"embeddable":true,"href":"https:\/\/enersoltech.com.mx\/index.php?rest_route=\/wp\/v2\/users\/1"}],"replies":[{"embeddable":true,"href":"https:\/\/enersoltech.com.mx\/index.php?rest_route=%2Fwp%2Fv2%2Fcomments&post=124"}],"version-history":[{"count":46,"href":"https:\/\/enersoltech.com.mx\/index.php?rest_route=\/wp\/v2\/pages\/124\/revisions"}],"predecessor-version":[{"id":381,"href":"https:\/\/enersoltech.com.mx\/index.php?rest_route=\/wp\/v2\/pages\/124\/revisions\/381"}],"wp:attachment":[{"href":"https:\/\/enersoltech.com.mx\/index.php?rest_route=%2Fwp%2Fv2%2Fmedia&parent=124"}],"curies":[{"name":"wp","href":"https:\/\/api.w.org\/{rel}","templated":true}]}}