{"id":204,"date":"2025-08-21T06:08:18","date_gmt":"2025-08-21T06:08:18","guid":{"rendered":"https:\/\/enersoltech.com.mx\/?page_id=204"},"modified":"2025-09-02T17:56:43","modified_gmt":"2025-09-02T17:56:43","slug":"204-2","status":"publish","type":"page","link":"https:\/\/enersoltech.com.mx\/?page_id=204","title":{"rendered":"Servicios"},"content":{"rendered":"<p>[et_pb_section fb_built=\u00bb1&#8243; admin_label=\u00bbHeader\u00bb _builder_version=\u00bb4.27.4&#8243; _module_preset=\u00bbdefault\u00bb use_background_color_gradient=\u00bbon\u00bb background_color_gradient_stops=\u00bb#f2f0eb 0%|rgba(242,240,235,0) 100%\u00bb background_color_gradient_overlays_image=\u00bbon\u00bb background_image=\u00bbhttps:\/\/enersoltech.com.mx\/wp-content\/uploads\/2025\/08\/renewable-1989416_1280.jpg\u00bb parallax=\u00bbon\u00bb parallax_method=\u00bboff\u00bb custom_padding=\u00bb8vw||0vw||false|false\u00bb bottom_divider_style=\u00bbwave2&#8243; bottom_divider_color=\u00bb#07adef\u00bb border_radii=\u00bboff|||0vw|0vw\u00bb collapsed=\u00bbon\u00bb global_colors_info=\u00bb{}\u00bb][et_pb_row column_structure=\u00bb2_3,1_3&#8243; _builder_version=\u00bb4.24.0&#8243; _module_preset=\u00bbdefault\u00bb max_width=\u00bb1800px\u00bb global_colors_info=\u00bb{}\u00bb][et_pb_column type=\u00bb2_3&#8243; _builder_version=\u00bb4.22.0&#8243; _module_preset=\u00bbdefault\u00bb global_colors_info=\u00bb{}\u00bb][et_pb_text _builder_version=\u00bb4.27.4&#8243; _module_preset=\u00bb8c404ef0-3fed-468f-a4cc-6cb3f091f7a5&#8243; header_text_color=\u00bb#000000&#8243; max_width=\u00bb1440px\u00bb custom_margin=\u00bb||10px||false|false\u00bb header_text_shadow_style=\u00bbpreset5&#8243; header_text_shadow_horizontal_length=\u00bb0.06em\u00bb header_text_shadow_vertical_length=\u00bb0.03em\u00bb header_text_shadow_color=\u00bb#FFFFFF\u00bb global_colors_info=\u00bb{}\u00bb]<\/p>\n<h1><span style=\"color: #000000;\">Servicios<\/span><\/h1>\n<p>&nbsp;<\/p>\n<p>[\/et_pb_text][et_pb_text _builder_version=\u00bb4.27.4&#8243; _module_preset=\u00bbbbf0d074-ef53-4cab-bf2d-6591dcfa82bf\u00bb text_text_color=\u00bbgcid-2490e176-5733-4f77-b033-d0b72133e372&#8243; header_4_text_color=\u00bb#9e9e9e\u00bb max_width=\u00bb1440px\u00bb header_4_text_shadow_style=\u00bbpreset4&#8243; header_4_text_shadow_color=\u00bb#FFFFFF\u00bb global_colors_info=\u00bb{%22gcid-2490e176-5733-4f77-b033-d0b72133e372%22:%91%22text_text_color%22%93}\u00bb]<\/p>\n<h4><span style=\"color: #000000;\">En ENERSOLTECH dise\u00f1amos, instalamos y damos seguimiento a sistemas fotovoltaicos adaptados a las necesidades de cada cliente. Nuestra prioridad es brindar soluciones confiables, eficientes y t\u00e9cnicamente bien fundamentadas, ya sea en hogares, oficinas o instalaciones industriales.<\/span><\/h4>\n<p>[\/et_pb_text][et_pb_button button_text=\u00bbCont\u00e1ctanos ahora\u00bb _builder_version=\u00bb4.27.4&#8243; _module_preset=\u00bb1b812fe9-cf84-46cb-b4a2-7dfd12d4a3fc\u00bb button_bg_color=\u00bb#0C71C3&#8243; global_colors_info=\u00bb{}\u00bb][\/et_pb_button][\/et_pb_column][et_pb_column type=\u00bb1_3&#8243; _builder_version=\u00bb4.22.0&#8243; _module_preset=\u00bbdefault\u00bb global_colors_info=\u00bb{}\u00bb][\/et_pb_column][\/et_pb_row][\/et_pb_section][et_pb_section fb_built=\u00bb1&#8243; admin_label=\u00bbAbout\u00bb _builder_version=\u00bb4.27.4&#8243; _module_preset=\u00bbdefault\u00bb background_image=\u00bbhttps:\/\/enersoltech.com.mx\/wp-content\/uploads\/2025\/08\/hoja-logo-mini.png\u00bb background_pattern_repeat_origin=\u00bbbottom_center\u00bb width=\u00bb100%\u00bb custom_padding=\u00bb31px||23px|||\u00bb top_divider_style=\u00bbwave2&#8243; top_divider_color=\u00bb#07adef\u00bb top_divider_height=\u00bb67px\u00bb top_divider_flip=\u00bbvertical\u00bb bottom_divider_style=\u00bbcurve2&#8243; bottom_divider_color=\u00bb#07adef\u00bb bottom_divider_height=\u00bb67px\u00bb animation_style=\u00bbflip\u00bb collapsed=\u00bbon\u00bb global_colors_info=\u00bb{}\u00bb][et_pb_row column_structure=\u00bb2_3,1_3&#8243; _builder_version=\u00bb4.24.0&#8243; _module_preset=\u00bbdefault\u00bb max_width=\u00bb1800px\u00bb global_colors_info=\u00bb{}\u00bb][et_pb_column type=\u00bb2_3&#8243; _builder_version=\u00bb4.22.0&#8243; _module_preset=\u00bbdefault\u00bb global_colors_info=\u00bb{}\u00bb][et_pb_text _builder_version=\u00bb4.22.0&#8243; _module_preset=\u00bb769398ff-0fd7-40df-bf58-f469427e348b\u00bb global_colors_info=\u00bb{}\u00bb]<\/p>\n<h2>Somos una empresa energ\u00e9tica apasionada y enfocada en la sustentabilidad.<\/h2>\n<p>[\/et_pb_text][et_pb_text _builder_version=\u00bb4.27.4&#8243; _module_preset=\u00bb8d2c6c44-e736-4002-8b21-9e7789f79c0c\u00bb global_colors_info=\u00bb{}\u00bb]<\/p>\n<p style=\"text-align: justify;\">Nos emociona y entusiama que cada vez m\u00e1s personas toman la decisi\u00f3n de dar un respiro a nuestro planeta y buscan alternativas eco sustentables que permitan reducir el impacto de las actividades humanas en nuestro planeta.\u00a0<\/p>\n<p>[\/et_pb_text][\/et_pb_column][et_pb_column type=\u00bb1_3&#8243; _builder_version=\u00bb4.22.0&#8243; _module_preset=\u00bbdefault\u00bb global_colors_info=\u00bb{}\u00bb][et_pb_image src=\u00bbhttps:\/\/enersoltech.com.mx\/wp-content\/uploads\/2025\/08\/icon-world.png\u00bb title_text=\u00bbicon world\u00bb _builder_version=\u00bb4.27.4&#8243; _module_preset=\u00bbdefault\u00bb global_colors_info=\u00bb{}\u00bb][\/et_pb_image][\/et_pb_column][\/et_pb_row][\/et_pb_section][et_pb_section fb_built=\u00bb1&#8243; admin_label=\u00bbServices\u00bb _builder_version=\u00bb4.27.4&#8243; _module_preset=\u00bbdefault\u00bb use_background_color_gradient=\u00bbon\u00bb background_color_gradient_stops=\u00bb#07adef 1%|#ffffff 100%\u00bb custom_padding=\u00bb30px||78px|||\u00bb bottom_divider_style=\u00bbwave2&#8243; bottom_divider_color=\u00bb#4cc600&#8243; bottom_divider_repeat=\u00bb1x\u00bb collapsed=\u00bbon\u00bb global_colors_info=\u00bb{}\u00bb][et_pb_row column_structure=\u00bb1_4,1_4,1_2&#8243; _builder_version=\u00bb4.22.0&#8243; _module_preset=\u00bbdefault\u00bb max_width=\u00bb1800px\u00bb custom_padding=\u00bb||0px|||\u00bb global_colors_info=\u00bb{}\u00bb][et_pb_column type=\u00bb1_4&#8243; _builder_version=\u00bb4.22.0&#8243; _module_preset=\u00bbdefault\u00bb global_colors_info=\u00bb{}\u00bb][et_pb_image src=\u00bbhttps:\/\/enersoltech.com.mx\/wp-content\/uploads\/2025\/08\/icon-panel.png\u00bb title_text=\u00bbicon panel\u00bb _builder_version=\u00bb4.27.4&#8243; _module_preset=\u00bbdefault\u00bb global_colors_info=\u00bb{}\u00bb][\/et_pb_image][et_pb_text _builder_version=\u00bb4.27.4&#8243; _module_preset=\u00bb45d1a008-b417-40e0-ab41-603ffac5e054&#8243; text_font_size=\u00bb16px\u00bb text_letter_spacing=\u00bb2px\u00bb header_text_color=\u00bb#000000&#8243; header_font_size=\u00bb31px\u00bb text_orientation=\u00bbcenter\u00bb custom_margin=\u00bb||0px||false|false\u00bb text_text_shadow_style=\u00bbpreset2&#8243; text_text_shadow_horizontal_length=\u00bb0.15em\u00bb text_text_shadow_vertical_length=\u00bb0.15em\u00bb text_text_shadow_blur_strength=\u00bb0em\u00bb text_text_shadow_color=\u00bb#FFFFFF\u00bb global_colors_info=\u00bb{}\u00bb]<\/p>\n<h2><strong>Mantenimiento preventivo y correctivo de sistemas solares.<\/strong><\/h2>\n<p>[\/et_pb_text][et_pb_text _builder_version=\u00bb4.27.4&#8243; _module_preset=\u00bb5754fd36-35c4-4b3e-b976-07ec1ddf9699&#8243; global_colors_info=\u00bb{}\u00bb]<\/p>\n<p style=\"text-align: justify;\"><span style=\"color: #000000;\">Realizamos inspecciones t\u00e9cnicas y mantenimiento profesional a arreglos fotovoltaicos para asegurar su buen funcionamiento, prolongar su vida \u00fatil y garantizar su rendimiento energ\u00e9tico.<\/span><\/p>\n<p>[\/et_pb_text][\/et_pb_column][et_pb_column type=\u00bb1_4&#8243; _builder_version=\u00bb4.22.0&#8243; _module_preset=\u00bbdefault\u00bb global_colors_info=\u00bb{}\u00bb][et_pb_text _builder_version=\u00bb4.27.4&#8243; _module_preset=\u00bb45d1a008-b417-40e0-ab41-603ffac5e054&#8243; text_font_size=\u00bb16px\u00bb text_letter_spacing=\u00bb2px\u00bb header_text_color=\u00bb#000000&#8243; header_font_size=\u00bb31px\u00bb text_orientation=\u00bbcenter\u00bb custom_margin=\u00bb||0px||false|false\u00bb hover_enabled=\u00bb0&#8243; text_text_shadow_style=\u00bbpreset2&#8243; text_text_shadow_horizontal_length=\u00bb0.15em\u00bb text_text_shadow_vertical_length=\u00bb0.15em\u00bb text_text_shadow_blur_strength=\u00bb0em\u00bb text_text_shadow_color=\u00bb#FFFFFF\u00bb global_colors_info=\u00bb{}\u00bb sticky_enabled=\u00bb0&#8243;]<\/p>\n<h2><strong>Ingenier\u00eda, dise\u00f1o e instalaci\u00f3n de sistemas fotovoltaicos.<\/strong><\/h2>\n<p>[\/et_pb_text][et_pb_text _builder_version=\u00bb4.27.4&#8243; _module_preset=\u00bb5754fd36-35c4-4b3e-b976-07ec1ddf9699&#8243; custom_margin=\u00bb||13px|||\u00bb global_colors_info=\u00bb{}\u00bb]<\/p>\n<p style=\"text-align: justify;\"><span style=\"color: #000000;\">Dise\u00f1amos e instalamos sistemas solares interconectados a la red, dimensionados con base en tus consumos, espacio disponible, tipo de tarifa el\u00e9ctrica y caracter\u00edsticas t\u00e9cnicas de tu inmueble.<\/span><\/p>\n<p><span style=\"color: #000000;\">Aplicaciones:<\/span><\/p>\n<ul>\n<li><span style=\"color: #000000;\">Residencial<\/span><\/li>\n<li><span style=\"color: #000000;\">Comercial<\/span><\/li>\n<li><span style=\"color: #000000;\">Industrial<\/span><\/li>\n<\/ul>\n<p>[\/et_pb_text][et_pb_text _builder_version=\u00bb4.27.4&#8243; _module_preset=\u00bb45d1a008-b417-40e0-ab41-603ffac5e054&#8243; text_font_size=\u00bb16px\u00bb text_letter_spacing=\u00bb2px\u00bb header_text_color=\u00bb#000000&#8243; header_font_size=\u00bb31px\u00bb text_orientation=\u00bbcenter\u00bb custom_margin=\u00bb||0px||false|false\u00bb text_text_shadow_style=\u00bbpreset2&#8243; text_text_shadow_horizontal_length=\u00bb0.15em\u00bb text_text_shadow_vertical_length=\u00bb0.15em\u00bb text_text_shadow_blur_strength=\u00bb0em\u00bb text_text_shadow_color=\u00bb#FFFFFF\u00bb global_colors_info=\u00bb{}\u00bb]<\/p>\n<h2><strong>Auditorias a sistemas fotovoltaicos.<\/strong><\/h2>\n<p>[\/et_pb_text][et_pb_text _builder_version=\u00bb4.27.4&#8243; _module_preset=\u00bb5754fd36-35c4-4b3e-b976-07ec1ddf9699&#8243; custom_padding=\u00bb||0px|||\u00bb global_colors_info=\u00bb{}\u00bb]<\/p>\n<p style=\"text-align: justify;\"><span style=\"color: #000000;\">\u00bfYa tienes paneles instalados? Evaluamos su desempe\u00f1o, configuraci\u00f3n, Instalaci\u00f3n, estado f\u00edsico y producci\u00f3n real para identificar oportunidades de mejora, fallos o p\u00e9rdidas de eficiencia.<\/span><\/p>\n<p>[\/et_pb_text][\/et_pb_column][et_pb_column type=\u00bb1_2&#8243; _builder_version=\u00bb4.22.0&#8243; _module_preset=\u00bbdefault\u00bb global_colors_info=\u00bb{}\u00bb][et_pb_image src=\u00bbhttps:\/\/enersoltech.com.mx\/wp-content\/uploads\/2025\/08\/pexels-kindelmedia-9800008-scaled.jpg\u00bb title_text=\u00bbpexels-kindelmedia-9800008&#8243; _builder_version=\u00bb4.27.4&#8243; _module_preset=\u00bbdefault\u00bb border_radii=\u00bbon|30px|30px|30px|30px\u00bb global_colors_info=\u00bb{}\u00bb][\/et_pb_image][\/et_pb_column][\/et_pb_row][\/et_pb_section]<\/p>\n","protected":false},"excerpt":{"rendered":"<p>Servicios &nbsp;En ENERSOLTECH dise\u00f1amos, instalamos y damos seguimiento a sistemas fotovoltaicos adaptados a las necesidades de cada cliente. Nuestra prioridad es brindar soluciones confiables, eficientes y t\u00e9cnicamente bien fundamentadas, ya sea en hogares, oficinas o instalaciones industriales.Somos una empresa energ\u00e9tica apasionada y enfocada en la sustentabilidad.Nos emociona y entusiama que cada vez m\u00e1s personas toman [&hellip;]<\/p>\n","protected":false},"author":1,"featured_media":0,"parent":0,"menu_order":0,"comment_status":"closed","ping_status":"closed","template":"","meta":{"_et_pb_use_builder":"on","_et_pb_old_content":"","_et_gb_content_width":"","footnotes":""},"class_list":["post-204","page","type-page","status-publish","hentry"],"aioseo_notices":[],"_links":{"self":[{"href":"https:\/\/enersoltech.com.mx\/index.php?rest_route=\/wp\/v2\/pages\/204","targetHints":{"allow":["GET"]}}],"collection":[{"href":"https:\/\/enersoltech.com.mx\/index.php?rest_route=\/wp\/v2\/pages"}],"about":[{"href":"https:\/\/enersoltech.com.mx\/index.php?rest_route=\/wp\/v2\/types\/page"}],"author":[{"embeddable":true,"href":"https:\/\/enersoltech.com.mx\/index.php?rest_route=\/wp\/v2\/users\/1"}],"replies":[{"embeddable":true,"href":"https:\/\/enersoltech.com.mx\/index.php?rest_route=%2Fwp%2Fv2%2Fcomments&post=204"}],"version-history":[{"count":25,"href":"https:\/\/enersoltech.com.mx\/index.php?rest_route=\/wp\/v2\/pages\/204\/revisions"}],"predecessor-version":[{"id":371,"href":"https:\/\/enersoltech.com.mx\/index.php?rest_route=\/wp\/v2\/pages\/204\/revisions\/371"}],"wp:attachment":[{"href":"https:\/\/enersoltech.com.mx\/index.php?rest_route=%2Fwp%2Fv2%2Fmedia&parent=204"}],"curies":[{"name":"wp","href":"https:\/\/api.w.org\/{rel}","templated":true}]}}